{"id":2132,"date":"2019-07-16T16:36:36","date_gmt":"2019-07-16T14:36:36","guid":{"rendered":"https:\/\/positional.in-demo.it\/home\/"},"modified":"2024-10-07T14:52:31","modified_gmt":"2024-10-07T12:52:31","slug":"home","status":"publish","type":"page","link":"https:\/\/www.positional.it\/it\/","title":{"rendered":"Home"},"content":{"rendered":"","protected":false},"excerpt":{"rendered":"","protected":false},"author":1,"featured_media":0,"parent":0,"menu_order":0,"comment_status":"closed","ping_status":"closed","template":"","meta":{"_acf_changed":false,"_seopress_robots_primary_cat":"","_seopress_titles_title":"","_seopress_titles_desc":"Positional \u00e8 una linea di oggetti che si eleva utilizzando carta e tessuto prodotti con tecniche secolari e una ricca esperienza con questi materiali. Sono \u201coggetti d'arte\u201d capaci di illuminare la quotidianit\u00e0 con la loro bellezza e permetterci di raccontare la nostra storia, non per distinguerci, ma per distinguerci. Questo \u00e8 un obiettivo che raggiungiamo mettendo innovazione, qualit\u00e0 e consapevolezza della vita quotidiana in ogni pezzo che creiamo.","_seopress_robots_index":"","footnotes":""},"acf":[],"_links":{"self":[{"href":"https:\/\/www.positional.it\/it\/wp-json\/wp\/v2\/pages\/2132"}],"collection":[{"href":"https:\/\/www.positional.it\/it\/wp-json\/wp\/v2\/pages"}],"about":[{"href":"https:\/\/www.positional.it\/it\/wp-json\/wp\/v2\/types\/page"}],"author":[{"embeddable":true,"href":"https:\/\/www.positional.it\/it\/wp-json\/wp\/v2\/users\/1"}],"replies":[{"embeddable":true,"href":"https:\/\/www.positional.it\/it\/wp-json\/wp\/v2\/comments?post=2132"}],"version-history":[{"count":7,"href":"https:\/\/www.positional.it\/it\/wp-json\/wp\/v2\/pages\/2132\/revisions"}],"predecessor-version":[{"id":3174,"href":"https:\/\/www.positional.it\/it\/wp-json\/wp\/v2\/pages\/2132\/revisions\/3174"}],"wp:attachment":[{"href":"https:\/\/www.positional.it\/it\/wp-json\/wp\/v2\/media?parent=2132"}],"curies":[{"name":"wp","href":"https:\/\/api.w.org\/{rel}","templated":true}]}}